{"id":3198,"date":"2023-06-28T15:26:06","date_gmt":"2023-06-28T13:26:06","guid":{"rendered":"https:\/\/kuklascaffolding.com\/o-nas-copy-copy-copy\/"},"modified":"2023-06-28T15:32:03","modified_gmt":"2023-06-28T13:32:03","slug":"politika-bezpecnosti-a-ochrany-zdravia-pri-praci-a-ochrany-zivotneho-prostredia","status":"publish","type":"page","link":"https:\/\/kuklascaffolding.com\/sk\/politika-bezpecnosti-a-ochrany-zdravia-pri-praci-a-ochrany-zivotneho-prostredia\/","title":{"rendered":"Politika bezpe\u010dnosti a ochrany zdravia pri pr\u00e1ci a ochrany \u017eivotn\u00e9ho prostredia"},"content":{"rendered":"  \n\n\n\n\n\t\n    <div id=\"hero\" class=\"container-hero animate-section   hero-height-small mb0  \"   data-bodyclass=\"theme-gray\" data-color=\"#ddd\">\n            \n                \n            <section class=\"hero\">\n                <span class=\"hero-bg\"><\/span>\n                <h1 id=\"top-title\">Politika bezpe\u010dnosti a ochrany zdravia pri pr\u00e1ci a ochrany \u017eivotn\u00e9ho prostredia<\/h1>\n            <\/section>\n\n            \n                    \n    <\/div>\n\n\n\n\n\r\n\r\n\r\n\r\n\t<section class=\"animate-section \"  data-color=\"#000\" data-body=\"theme-default\">\r\n\t\t\t\t\t\n  \r\n\r\n        \r\n        \r\n\r\n                \r\n        \r\n                    \r\n            <div class=\" grid-container  section-padding    \">\r\n                                    <div class=\"separator\"><\/div>\r\n                    <div class=\"grid-x\">\r\n                        <div class=\"cell small-24\">\r\n                            \n\n<div style=\"height:217px\" aria-hidden=\"true\" class=\"wp-block-spacer\"><\/div>\n\n\n\n<p><span style=\"font-weight: 400;\">Pri realiz\u00e1cii svojich podnikate\u013esk\u00fdch aktiv\u00edt vyu\u017e\u00edva projekt Kukla Scaffolding sk\u00fasenosti svojich zamestnancov. Vych\u00e1dza pritom z ich anga\u017eovanosti, znalosti problematiky a riadiacich schopnost\u00ed v zhode so z\u00e1kladn\u00fdm zameran\u00edm firmy.<\/span><\/p>\n<p><\/p>\n<p><strong>Vedenie spolo\u010dnosti sa zav\u00e4zuje:<\/strong><\/p>\n<p><span style=\"font-weight: 400;\">&#8211; dodr\u017eiava\u0165 aplikovate\u013en\u00e9 pr\u00e1vne a in\u00e9 po\u017eiadavky z oblasti BOZP a ochrany \u017eivotn\u00e9ho prostredia,<\/span><\/p>\n<p><span style=\"font-weight: 400;\">&#8211; <\/span><span style=\"font-weight: 400;\">s\u00fastavne a trvale zlep\u0161ova\u0165 syst\u00e9m bezpe\u010dnosti a ochrany zdravia pri pr\u00e1ci a ochrany \u017eivotn\u00e9ho prostredia,<\/span><\/p>\n<p><span style=\"font-weight: 400;\">&#8211; zabezpe\u010dova\u0165 pravideln\u00fa odborn\u00fa pr\u00edpravu, kvalifik\u00e1ciu, \u0161kolenia zamestnancov a rozv\u00edja\u0165 ich povedomie o z\u00e1sad\u00e1ch BOZP aby to viedlo k bezpe\u010dnej pr\u00e1ci, ochrane zdravia,&nbsp;<\/span><\/p>\n<p><span style=\"font-weight: 400;\">&#8211; predch\u00e1dza\u0165 vzniku neh\u00f4d, pracovn\u00fdch \u00farazov, chor\u00f4b z povolania alebo po\u0161kodenia zdravia, po\u0161kodenia \u017eivotn\u00e9ho prostredia a hmotn\u00fdch \u0161k\u00f4d,<\/span><\/p>\n<p><span style=\"font-weight: 400;\">&#8211; plni\u0165 \u00falohy v starostlivosti o BOZP, ktor\u00e9 s\u00fa s\u00fa\u010das\u0165ou plnenia v\u0161etk\u00fdch \u00faloh ved\u00facich zamestnancov,<\/span><\/p>\n<p><span style=\"font-weight: 400;\">&#8211; v r\u00e1mci kompetenci\u00ed vytv\u00e1ra\u0165 potrebn\u00e9 technick\u00e9, organiza\u010dn\u00e9, finan\u010dn\u00e9 a person\u00e1lne predpoklady pre bezpe\u010dn\u00e9 pracovn\u00e9 prostredie, v pr\u00edpade potreby ich priebe\u017ene prisp\u00f4sobova\u0165 a uv\u00e1dza\u0165 do \u017eivota koncepciu bezpe\u010dnosti,<\/span><\/p>\n<p><span style=\"font-weight: 400;\">&#8211; vyd\u00e1va\u0165 pravidl\u00e1 a pokyny na zaistenie bezpe\u010dnosti a ochrany zdravia pri pr\u00e1ci v s\u00falade so z\u00e1konn\u00fdmi predpismi,<\/span><\/p>\n<p><span style=\"font-weight: 400;\">&#8211; na z\u00e1klade zisten\u00fdch nebezpe\u010denstiev, ohrozen\u00ed, riz\u00edk vytv\u00e1ra\u0165 pracovn\u00e9 podmienky s cie\u013eom \u010do najviac zn\u00ed\u017ei\u0165 pravdepodobnos\u0165 vzniku nepriazniv\u00fdch riz\u00edk sp\u00f4sobuj\u00face ujmu na zdrav\u00ed a majetku,<\/span><\/p>\n<p><span style=\"font-weight: 400;\">&#8211; bezplatne poskytova\u0165 a stara\u0165 sa o osobn\u00e9 ochrann\u00e9 pracovn\u00e9 prostriedky, ktor\u00e9 s\u00fa ur\u010den\u00e9 na ochranu pred poraneniami pri pr\u00e1ci a pred chorobami,&nbsp;<\/span><\/p>\n<p><span style=\"font-weight: 400;\">&#8211; informova\u0165 zamestnancov a z\u00e1stupcov zamestnancov o stave zaistenia BOZP, hlavne v oblasti elimin\u00e1cie riz\u00edk na pracovisk\u00e1ch,<\/span><\/p>\n<p><span style=\"font-weight: 400;\">&#8211; umo\u017eni\u0165 zamestnancom a z\u00e1stupcom zamestnancov vyjadri\u0165 sa k problematike BOZP.&nbsp;<\/span><\/p>\n\n\r\n                        <\/div>\r\n                    <\/div>\r\n                            <\/div>\r\n        \n\r\n\t\t\t\r\n\t\t<\/section>\r\n\t\r\n\t\r\n\r\n","protected":false},"excerpt":{"rendered":"","protected":false},"author":6,"featured_media":0,"parent":0,"menu_order":0,"comment_status":"closed","ping_status":"closed","template":"","meta":{"footnotes":""},"class_list":["post-3198","page","type-page","status-publish","hentry"],"yoast_head":"<!-- This site is optimized with the Yoast SEO plugin v22.4 - https:\/\/yoast.com\/wordpress\/plugins\/seo\/ -->\n<title>Politika bezpe\u010dnosti a ochrany zdravia pri pr\u00e1ci a ochrany \u017eivotn\u00e9ho prostredia | KUKLA SCAFFOLDING<\/title>\n<meta name=\"robots\" content=\"index, follow, max-snippet:-1, max-image-preview:large, max-video-preview:-1\" \/>\n<link rel=\"canonical\" href=\"https:\/\/kuklascaffolding.com\/sk\/politika-bezpecnosti-a-ochrany-zdravia-pri-praci-a-ochrany-zivotneho-prostredia\/\" \/>\n<meta property=\"og:locale\" content=\"sk_SK\" \/>\n<meta property=\"og:type\" content=\"article\" \/>\n<meta property=\"og:title\" content=\"Politika bezpe\u010dnosti a ochrany zdravia pri pr\u00e1ci a ochrany \u017eivotn\u00e9ho prostredia | KUKLA SCAFFOLDING\" \/>\n<meta property=\"og:url\" content=\"https:\/\/kuklascaffolding.com\/sk\/politika-bezpecnosti-a-ochrany-zdravia-pri-praci-a-ochrany-zivotneho-prostredia\/\" \/>\n<meta property=\"og:site_name\" content=\"KUKLA SCAFFOLDING\" \/>\n<meta property=\"article:publisher\" content=\"https:\/\/www.facebook.com\/KuklaScaffolding\" \/>\n<meta property=\"article:modified_time\" content=\"2023-06-28T13:32:03+00:00\" \/>\n<meta property=\"og:image\" content=\"https:\/\/kuklascaffolding.com\/wp-content\/uploads\/2023\/02\/WhatsApp-Image-2022-11-17-at-13.11.11-2.jpeg\" \/>\n\t<meta property=\"og:image:width\" content=\"1872\" \/>\n\t<meta property=\"og:image:height\" content=\"1500\" \/>\n\t<meta property=\"og:image:type\" content=\"image\/jpeg\" \/>\n<meta name=\"twitter:card\" content=\"summary_large_image\" \/>\n<meta name=\"twitter:label1\" content=\"Predpokladan\u00fd \u010das \u010d\u00edtania\" \/>\n\t<meta name=\"twitter:data1\" content=\"2 min\u00faty\" \/>\n<script type=\"application\/ld+json\" class=\"yoast-schema-graph\">{\"@context\":\"https:\/\/schema.org\",\"@graph\":[{\"@type\":\"WebPage\",\"@id\":\"https:\/\/kuklascaffolding.com\/sk\/politika-bezpecnosti-a-ochrany-zdravia-pri-praci-a-ochrany-zivotneho-prostredia\/\",\"url\":\"https:\/\/kuklascaffolding.com\/sk\/politika-bezpecnosti-a-ochrany-zdravia-pri-praci-a-ochrany-zivotneho-prostredia\/\",\"name\":\"Politika bezpe\u010dnosti a ochrany zdravia pri pr\u00e1ci a ochrany \u017eivotn\u00e9ho prostredia | KUKLA SCAFFOLDING\",\"isPartOf\":{\"@id\":\"https:\/\/kuklascaffolding.com\/#website\"},\"datePublished\":\"2023-06-28T13:26:06+00:00\",\"dateModified\":\"2023-06-28T13:32:03+00:00\",\"breadcrumb\":{\"@id\":\"https:\/\/kuklascaffolding.com\/sk\/politika-bezpecnosti-a-ochrany-zdravia-pri-praci-a-ochrany-zivotneho-prostredia\/#breadcrumb\"},\"inLanguage\":\"sk-SK\",\"potentialAction\":[{\"@type\":\"ReadAction\",\"target\":[\"https:\/\/kuklascaffolding.com\/sk\/politika-bezpecnosti-a-ochrany-zdravia-pri-praci-a-ochrany-zivotneho-prostredia\/\"]}]},{\"@type\":\"BreadcrumbList\",\"@id\":\"https:\/\/kuklascaffolding.com\/sk\/politika-bezpecnosti-a-ochrany-zdravia-pri-praci-a-ochrany-zivotneho-prostredia\/#breadcrumb\",\"itemListElement\":[{\"@type\":\"ListItem\",\"position\":1,\"name\":\"Home\",\"item\":\"https:\/\/kuklascaffolding.com\/sk\/\"},{\"@type\":\"ListItem\",\"position\":2,\"name\":\"Politika bezpe\u010dnosti a ochrany zdravia pri pr\u00e1ci a ochrany \u017eivotn\u00e9ho prostredia\"}]},{\"@type\":\"WebSite\",\"@id\":\"https:\/\/kuklascaffolding.com\/#website\",\"url\":\"https:\/\/kuklascaffolding.com\/\",\"name\":\"KUKLA SCAFFOLDING\",\"description\":\"Pr\u00e1ca v zahrani\u010d\u00ed | Le\u0161en\u00e1ri, klampiari a tes\u00e1ri | kuklascaffolding.com\",\"publisher\":{\"@id\":\"https:\/\/kuklascaffolding.com\/#organization\"},\"potentialAction\":[{\"@type\":\"SearchAction\",\"target\":{\"@type\":\"EntryPoint\",\"urlTemplate\":\"https:\/\/kuklascaffolding.com\/?s={search_term_string}\"},\"query-input\":\"required name=search_term_string\"}],\"inLanguage\":\"sk-SK\"},{\"@type\":\"Organization\",\"@id\":\"https:\/\/kuklascaffolding.com\/#organization\",\"name\":\"KUKLA SCAFFOLDING\",\"url\":\"https:\/\/kuklascaffolding.com\/\",\"logo\":{\"@type\":\"ImageObject\",\"inLanguage\":\"sk-SK\",\"@id\":\"https:\/\/kuklascaffolding.com\/#\/schema\/logo\/image\/\",\"url\":\"https:\/\/kuklascaffolding.com\/wp-content\/uploads\/2022\/12\/favicon.png\",\"contentUrl\":\"https:\/\/kuklascaffolding.com\/wp-content\/uploads\/2022\/12\/favicon.png\",\"width\":256,\"height\":256,\"caption\":\"KUKLA SCAFFOLDING\"},\"image\":{\"@id\":\"https:\/\/kuklascaffolding.com\/#\/schema\/logo\/image\/\"},\"sameAs\":[\"https:\/\/www.facebook.com\/KuklaScaffolding\"]}]}<\/script>\n<!-- \/ Yoast SEO plugin. -->","yoast_head_json":{"title":"Politika bezpe\u010dnosti a ochrany zdravia pri pr\u00e1ci a ochrany \u017eivotn\u00e9ho prostredia | KUKLA SCAFFOLDING","robots":{"index":"index","follow":"follow","max-snippet":"max-snippet:-1","max-image-preview":"max-image-preview:large","max-video-preview":"max-video-preview:-1"},"canonical":"https:\/\/kuklascaffolding.com\/sk\/politika-bezpecnosti-a-ochrany-zdravia-pri-praci-a-ochrany-zivotneho-prostredia\/","og_locale":"sk_SK","og_type":"article","og_title":"Politika bezpe\u010dnosti a ochrany zdravia pri pr\u00e1ci a ochrany \u017eivotn\u00e9ho prostredia | KUKLA SCAFFOLDING","og_url":"https:\/\/kuklascaffolding.com\/sk\/politika-bezpecnosti-a-ochrany-zdravia-pri-praci-a-ochrany-zivotneho-prostredia\/","og_site_name":"KUKLA SCAFFOLDING","article_publisher":"https:\/\/www.facebook.com\/KuklaScaffolding","article_modified_time":"2023-06-28T13:32:03+00:00","og_image":[{"width":1872,"height":1500,"url":"https:\/\/kuklascaffolding.com\/wp-content\/uploads\/2023\/02\/WhatsApp-Image-2022-11-17-at-13.11.11-2.jpeg","type":"image\/jpeg"}],"twitter_card":"summary_large_image","twitter_misc":{"Predpokladan\u00fd \u010das \u010d\u00edtania":"2 min\u00faty"},"schema":{"@context":"https:\/\/schema.org","@graph":[{"@type":"WebPage","@id":"https:\/\/kuklascaffolding.com\/sk\/politika-bezpecnosti-a-ochrany-zdravia-pri-praci-a-ochrany-zivotneho-prostredia\/","url":"https:\/\/kuklascaffolding.com\/sk\/politika-bezpecnosti-a-ochrany-zdravia-pri-praci-a-ochrany-zivotneho-prostredia\/","name":"Politika bezpe\u010dnosti a ochrany zdravia pri pr\u00e1ci a ochrany \u017eivotn\u00e9ho prostredia | KUKLA SCAFFOLDING","isPartOf":{"@id":"https:\/\/kuklascaffolding.com\/#website"},"datePublished":"2023-06-28T13:26:06+00:00","dateModified":"2023-06-28T13:32:03+00:00","breadcrumb":{"@id":"https:\/\/kuklascaffolding.com\/sk\/politika-bezpecnosti-a-ochrany-zdravia-pri-praci-a-ochrany-zivotneho-prostredia\/#breadcrumb"},"inLanguage":"sk-SK","potentialAction":[{"@type":"ReadAction","target":["https:\/\/kuklascaffolding.com\/sk\/politika-bezpecnosti-a-ochrany-zdravia-pri-praci-a-ochrany-zivotneho-prostredia\/"]}]},{"@type":"BreadcrumbList","@id":"https:\/\/kuklascaffolding.com\/sk\/politika-bezpecnosti-a-ochrany-zdravia-pri-praci-a-ochrany-zivotneho-prostredia\/#breadcrumb","itemListElement":[{"@type":"ListItem","position":1,"name":"Home","item":"https:\/\/kuklascaffolding.com\/sk\/"},{"@type":"ListItem","position":2,"name":"Politika bezpe\u010dnosti a ochrany zdravia pri pr\u00e1ci a ochrany \u017eivotn\u00e9ho prostredia"}]},{"@type":"WebSite","@id":"https:\/\/kuklascaffolding.com\/#website","url":"https:\/\/kuklascaffolding.com\/","name":"KUKLA SCAFFOLDING","description":"Pr\u00e1ca v zahrani\u010d\u00ed | Le\u0161en\u00e1ri, klampiari a tes\u00e1ri | kuklascaffolding.com","publisher":{"@id":"https:\/\/kuklascaffolding.com\/#organization"},"potentialAction":[{"@type":"SearchAction","target":{"@type":"EntryPoint","urlTemplate":"https:\/\/kuklascaffolding.com\/?s={search_term_string}"},"query-input":"required name=search_term_string"}],"inLanguage":"sk-SK"},{"@type":"Organization","@id":"https:\/\/kuklascaffolding.com\/#organization","name":"KUKLA SCAFFOLDING","url":"https:\/\/kuklascaffolding.com\/","logo":{"@type":"ImageObject","inLanguage":"sk-SK","@id":"https:\/\/kuklascaffolding.com\/#\/schema\/logo\/image\/","url":"https:\/\/kuklascaffolding.com\/wp-content\/uploads\/2022\/12\/favicon.png","contentUrl":"https:\/\/kuklascaffolding.com\/wp-content\/uploads\/2022\/12\/favicon.png","width":256,"height":256,"caption":"KUKLA SCAFFOLDING"},"image":{"@id":"https:\/\/kuklascaffolding.com\/#\/schema\/logo\/image\/"},"sameAs":["https:\/\/www.facebook.com\/KuklaScaffolding"]}]}},"_links":{"self":[{"href":"https:\/\/kuklascaffolding.com\/sk\/wp-json\/wp\/v2\/pages\/3198","targetHints":{"allow":["GET"]}}],"collection":[{"href":"https:\/\/kuklascaffolding.com\/sk\/wp-json\/wp\/v2\/pages"}],"about":[{"href":"https:\/\/kuklascaffolding.com\/sk\/wp-json\/wp\/v2\/types\/page"}],"author":[{"embeddable":true,"href":"https:\/\/kuklascaffolding.com\/sk\/wp-json\/wp\/v2\/users\/6"}],"replies":[{"embeddable":true,"href":"https:\/\/kuklascaffolding.com\/sk\/wp-json\/wp\/v2\/comments?post=3198"}],"version-history":[{"count":5,"href":"https:\/\/kuklascaffolding.com\/sk\/wp-json\/wp\/v2\/pages\/3198\/revisions"}],"predecessor-version":[{"id":3208,"href":"https:\/\/kuklascaffolding.com\/sk\/wp-json\/wp\/v2\/pages\/3198\/revisions\/3208"}],"wp:attachment":[{"href":"https:\/\/kuklascaffolding.com\/sk\/wp-json\/wp\/v2\/media?parent=3198"}],"curies":[{"name":"wp","href":"https:\/\/api.w.org\/{rel}","templated":true}]}}