{"id":2,"date":"2022-12-30T11:08:34","date_gmt":"2022-12-30T10:08:34","guid":{"rendered":"http:\/\/fashionshop.dev.neonus.sk:88\/?page_id=2"},"modified":"2025-10-09T15:53:36","modified_gmt":"2025-10-09T13:53:36","slug":"o-nas","status":"publish","type":"page","link":"https:\/\/kuklascaffolding.com\/sk\/o-nas\/","title":{"rendered":"O n\u00e1s"},"content":{"rendered":"  \n\n\n\n\n\t\n    <div id=\"hero\" class=\"container-hero animate-section   hero-height-small mb0  \"   data-bodyclass=\"theme-gray\" data-color=\"#ddd\">\n            \n                \n            <section class=\"hero\">\n                <span class=\"hero-bg\"><\/span>\n                <h1 id=\"top-title\">O n\u00e1s<\/h1>\n            <\/section>\n\n                            <div class=\"hero-content has-image\">\n                    <div class=\"image-inner\">\n                        <img decoding=\"async\" class=\"cover-image\" src=\"https:\/\/kuklascaffolding.com\/wp-content\/uploads\/2025\/10\/DSC03820-2-1536x1024.jpg\" alt=\"\">\n                    <\/div>\n                <\/div>\n            \n                    \n    <\/div>\n\n\n\n\n\r\n\r\n\r\n\r\n\t<section class=\"animate-section \"  data-color=\"#ddd\" data-body=\"theme-gray\">\r\n\t\t\t\t\t\n\r\n\r\n    \r\n\r\n    \r\n\r\n        \t\r\n\r\n        \t        <section class=\"image-text-box\">\r\n            <div class=\" grid-x  pt0\">\r\n\r\n                <div class=\" image id-block_63bc22561c344 cell small-24 medium-12  scroll-hidden\">\r\n                    <div class=\"relative-inner\">    \r\n\r\n                                                    <a class=\"hero-cursor default-cursor red-cursor item-12 show-for-mobile\" data-container=\".image.id-block_63bc22561c344\" data-pos-left=\"80%\" data-pos-top=\"80%\" href=\"#\"  data-fancybox=\"video\" data-src=\"#block_63bc22561c344\">\r\n                                <span>\r\n                                    <svg style=\"width: 15px; margin: 0 auto 0.4rem auto;\" width=\"17\" height=\"18\" viewBox=\"0 0 17 18\" fill=\"none\" xmlns=\"http:\/\/www.w3.org\/2000\/svg\">\r\n                                        <path d=\"M16 9L1 1V17L16 9Z\" stroke=\"black\" stroke-width=\"2\" stroke-linecap=\"round\" stroke-linejoin=\"round\"\/>\r\n                                    <\/svg>\r\n                                     Prehra\u0165 video                                <\/span>\r\n                            <\/a>\r\n                            <div id=\"block_63bc22561c344\" class=\"video-fancybox\"  style=\"display:none\">\r\n                                <iframe loading=\"lazy\" title=\"Some words about Kukla Scaffolding\" width=\"640\" height=\"360\" src=\"https:\/\/www.youtube.com\/embed\/-Whq7-tdInw?feature=oembed\" frameborder=\"0\" allow=\"accelerometer; autoplay; clipboard-write; encrypted-media; gyroscope; picture-in-picture; web-share\" referrerpolicy=\"strict-origin-when-cross-origin\" allowfullscreen><\/iframe>                            <\/div>\r\n                                                <span class=\"image-inner\"><img decoding=\"async\" src=\"https:\/\/kuklascaffolding.com\/wp-content\/uploads\/2025\/10\/DSC04139-683x1024.jpg\" alt=\"\"><\/span>\r\n                    <\/div>\r\n                <\/div>\r\n                <div class=\"cell small-24 medium-12  scroll-hidden\">\r\n                    <div class=\"section-maintext\">\r\n                        <h2 class=\"section-title\">N\u00e1\u0161 pr\u00edbeh<\/h2>\r\n                        <p><strong>Ver\u00edme, <\/strong><strong>\u017ee ka\u017ed\u00fd projekt si zasl\u00fa\u017ei spo\u013eahliv\u00e9,<\/strong><br \/>\n<strong>bezpe\u010dn\u00e9 a pohodln\u00e9 le\u0161enie.<\/strong><\/p>\n<p>V\u010faka na\u0161\u00edm dlhoro\u010dn\u00fdm sk\u00fasenostiam<br \/>\nna Eur\u00f3pskom trhu sme sa, ako le\u0161en\u00e1rska<br \/>\nspolo\u010dnos\u0165 z\u00fa\u010dastnili na viac ako 5000+ r\u00f4znych projektoch v oblasti le\u0161en\u00e1rstva. \u010ci u\u017e sa jednalo o priemysel, fas\u00e1dne le\u0161enie alebo eventy.<\/p>\n<p>No napriek tomu st\u00e1le nekon\u010d\u00edme a sme otvoren\u00ed nov\u00fdm v\u00fdzvam, bez rozdielu na obtia\u017enosti projektu.<\/p>\n                    <\/div>\r\n                <\/div>\r\n                <div class=\"maintext-innerblocks cell medium-24 scroll-hidden\">\r\n        \t\t\t\r\n                <\/div>\r\n\r\n            <\/div>\r\n        <\/section>\r\n\r\n    \r\n\t\r\n\n\r\n\t\t\t\r\n\t\t<\/section>\r\n\t\r\n\t\r\n\r\n\n\n\r\n\r\n\r\n\r\n\t<section class=\"animate-section \"  data-color=\"#000\" data-body=\"theme-default\">\r\n\t\t\t\t\t\n\n<p><\/p>\n\n\r\n\t\t\t\r\n\t\t<\/section>\r\n\t\r\n\t\r\n\r\n\n\n  \r\n\r\n        \r\n        \r\n\r\n                \r\n        \r\n                    \r\n            <div class=\" grid-container  section-padding    \">\r\n                                    <div class=\"separator\"><\/div>\r\n                    <div class=\"grid-x\">\r\n                        <div class=\"cell small-24\">\r\n                            \n\n<h2 class=\"wp-block-heading half-title\">KA\u017dD\u00dd PROJEKT SI VY\u017dADUJE <s>SPO\u013dAHLIV\u00c9 LE\u0160ENIE.<\/s><\/h2>\n\n\n  \r\n\r\n\r\n        \r\n        \r\n\r\n    <div class=\"container-cards grid-x gtb-cards    cards-show-desc \">\r\n                                    <div class=\"item cell small-24 medium-8 scroll-hidden enable\">\r\n                                                            <a  onclick=\"return false;\" style=\"cursor: default;\" href=\"#\" class=\"card no-hover      has-image padding-card \">\r\n                    \r\n                                                    <p class=\"card-title\">Profesionalita<\/p>\r\n                                                \r\n                        <span class=\"circle\"><\/span>\r\n                        \r\n                        <div class=\"card-bg-img\">\r\n                            <img decoding=\"async\" width=\"284\" height=\"306\" src=\"https:\/\/kuklascaffolding.com\/wp-content\/uploads\/2023\/01\/onas-card-1.png\" class=\"attachment-600x600 size-600x600\" alt=\"\" srcset=\"https:\/\/kuklascaffolding.com\/wp-content\/uploads\/2023\/01\/onas-card-1.png 284w, https:\/\/kuklascaffolding.com\/wp-content\/uploads\/2023\/01\/onas-card-1-278x300.png 278w\" sizes=\"(max-width: 284px) 100vw, 284px\" \/>                        <\/div>\r\n                            \r\n                        <p class=\"card-content \">N\u00e1\u0161 t\u00edm tvoria kvalifikovan\u00ed odborn\u00edci, ktor\u00ed rozumej\u00fa po\u017eiadavk\u00e1m aj najn\u00e1ro\u010dnej\u0161\u00edch projektov.<\/p>\r\n                            \r\n                            \r\n                        <div class=\"arrow-right\">\r\n                            <span class=\"line\"><\/span>\r\n                            <svg width=\"16\" height=\"30\" viewBox=\"0 0 16 30\" fill=\"none\" xmlns=\"http:\/\/www.w3.org\/2000\/svg\">\r\n                                <path d=\"M1.66675 1.66675L15.0001 15.0001L1.66675 28.3334\" stroke=\"white\" stroke-width=\"2\" stroke-linecap=\"round\" stroke-linejoin=\"round\"\/>\r\n                            <\/svg>\r\n                        <\/div>\r\n                            \r\n                    <\/a>\r\n                <\/div>\r\n            \r\n                                    <div class=\"item cell small-24 medium-8 scroll-hidden enable\">\r\n                                                            <a  onclick=\"return false;\" style=\"cursor: default;\" href=\"#\" class=\"card no-hover      has-image padding-card \">\r\n                    \r\n                                                    <p class=\"card-title\">Bezpe\u010dnos\u0165<\/p>\r\n                                                \r\n                        <span class=\"circle\"><\/span>\r\n                        \r\n                        <div class=\"card-bg-img\">\r\n                            <img decoding=\"async\" width=\"332\" height=\"335\" src=\"https:\/\/kuklascaffolding.com\/wp-content\/uploads\/2023\/01\/onas-card-2.png\" class=\"attachment-600x600 size-600x600\" alt=\"\" srcset=\"https:\/\/kuklascaffolding.com\/wp-content\/uploads\/2023\/01\/onas-card-2.png 332w, https:\/\/kuklascaffolding.com\/wp-content\/uploads\/2023\/01\/onas-card-2-297x300.png 297w, https:\/\/kuklascaffolding.com\/wp-content\/uploads\/2023\/01\/onas-card-2-150x150.png 150w\" sizes=\"(max-width: 332px) 100vw, 332px\" \/>                        <\/div>\r\n                            \r\n                        <p class=\"card-content \">Dodr\u017eiavame pr\u00edsne \u0161tandardy a postupy, aby bola ka\u017ed\u00e1 realiz\u00e1cia maxim\u00e1lne bezpe\u010dn\u00e1 pre klientov aj pracovn\u00edkov.<\/p>\r\n                            \r\n                            \r\n                        <div class=\"arrow-right\">\r\n                            <span class=\"line\"><\/span>\r\n                            <svg width=\"16\" height=\"30\" viewBox=\"0 0 16 30\" fill=\"none\" xmlns=\"http:\/\/www.w3.org\/2000\/svg\">\r\n                                <path d=\"M1.66675 1.66675L15.0001 15.0001L1.66675 28.3334\" stroke=\"white\" stroke-width=\"2\" stroke-linecap=\"round\" stroke-linejoin=\"round\"\/>\r\n                            <\/svg>\r\n                        <\/div>\r\n                            \r\n                    <\/a>\r\n                <\/div>\r\n            \r\n                                    <div class=\"item cell small-24 medium-8 scroll-hidden enable\">\r\n                                                            <a  onclick=\"return false;\" style=\"cursor: default;\" href=\"#\" class=\"card no-hover      has-image padding-card \">\r\n                    \r\n                                                    <p class=\"card-title\">Lojalita<\/p>\r\n                                                \r\n                        <span class=\"circle\"><\/span>\r\n                        \r\n                        <div class=\"card-bg-img\">\r\n                            <img decoding=\"async\" width=\"236\" height=\"275\" src=\"https:\/\/kuklascaffolding.com\/wp-content\/uploads\/2023\/01\/onas-card-3.png\" class=\"attachment-600x600 size-600x600\" alt=\"\" \/>                        <\/div>\r\n                            \r\n                        <p class=\"card-content \">Na\u0161e vz\u0165ahy so z\u00e1kazn\u00edkmi a partnermi s\u00fa postaven\u00e9 na lojalite a zodpovednosti. Ver\u00edme, \u017ee skuto\u010dn\u00e1 hodnota vznik\u00e1 vtedy, ke\u010f sa na n\u00e1s klient m\u00f4\u017ee spo\u013eahn\u00fa\u0165 v ka\u017edej situ\u00e1cii.<\/p>\r\n                            \r\n                            \r\n                        <div class=\"arrow-right\">\r\n                            <span class=\"line\"><\/span>\r\n                            <svg width=\"16\" height=\"30\" viewBox=\"0 0 16 30\" fill=\"none\" xmlns=\"http:\/\/www.w3.org\/2000\/svg\">\r\n                                <path d=\"M1.66675 1.66675L15.0001 15.0001L1.66675 28.3334\" stroke=\"white\" stroke-width=\"2\" stroke-linecap=\"round\" stroke-linejoin=\"round\"\/>\r\n                            <\/svg>\r\n                        <\/div>\r\n                            \r\n                    <\/a>\r\n                <\/div>\r\n            \r\n        \r\n    <\/div>\r\n\r\n\n\r\n                        <\/div>\r\n                    <\/div>\r\n                            <\/div>\r\n        \n\n\r\n\r\n\r\n\r\n\t<section class=\"animate-section \"  data-color=\"#ddd\" data-body=\"theme-gray\">\r\n\t\t\t\t\t\n\r\n\r\n    \r\n\r\n    \r\n\r\n        \t\t\t<div class=\" pb0 section-padding grid-container\">\r\n                <div class=\"section-maintext grid-x\">\r\n                    <div class=\"cell small-24  medium-14  \">\r\n                        <h2 class=\"section-title\">O SPOLO\u010cNOSTI KUKLASCAFFOLDING<\/h2>\r\n                    <\/div>\r\n                    <div class=\"cell small-24  medium-10  \">\r\n\t\t\t\t\t\t<p>Na\u0161ou amb\u00edciou je poskytova\u0165 profesion\u00e1lne a bezpe\u010dn\u00e9 le\u0161en\u00e1rske slu\u017eby, ktor\u00e9 sp\u013a\u0148aj\u00fa najvy\u0161\u0161ie \u0161tandardy kvality. Budujeme si meno spo\u013eahliv\u00e9ho partnera na eur\u00f3pskom trhu a na\u0161\u00edm cie\u013eom je postupne roz\u0161irova\u0165 p\u00f4sobenie aj do \u010fal\u0161\u00edch kraj\u00edn.<\/p>\n                    <\/div>\r\n                    <div class=\"maintext-innerblocks cell medium-24 scroll-hidden\">\r\n                        \n  \r\n\r\n        \r\n        \r\n\n\r\n                    <\/div>\r\n                <\/div>\r\n            <\/div>\r\n        \t\r\n\r\n        \t\r\n\t\r\n\n\r\n\t\t\t\r\n\t\t<\/section>\r\n\t\r\n\t\r\n\r\n\n\n  \r\n\r\n\r\n        \r\n        \r\n\r\n    \r\n\r\n\r\n    <div id=\"map\" class=\"\">\r\n        \r\n        <div class=\"claims section-padding grid-container \">\r\n                <div class=\"claims-wrap grid-x\">\r\n                                            <div class=\" cell small-24 medium-6\">\r\n                            <div class=\"claim squere\">\r\n                                <div class=\"label\"><span>24\/7<\/span><\/div>\r\n                                <div class=\"text\"><span>Podpora<\/span><\/div>\r\n                            <\/div>        \r\n                        <\/div>\r\n                                            <div class=\" cell small-24 medium-6\">\r\n                            <div class=\"claim squere\">\r\n                                <div class=\"label\"><span>5154+<\/span><\/div>\r\n                                <div class=\"text\"><span>Dokon\u010den\u00fdch projektov<\/span><\/div>\r\n                            <\/div>        \r\n                        <\/div>\r\n                                            <div class=\" cell small-24 medium-6\">\r\n                            <div class=\"claim squere\">\r\n                                <div class=\"label\"><span>500+<\/span><\/div>\r\n                                <div class=\"text\"><span>Pracovn\u00edkov<\/span><\/div>\r\n                            <\/div>        \r\n                        <\/div>\r\n                                            <div class=\" cell small-24 medium-6\">\r\n                            <div class=\"claim squere\">\r\n                                <div class=\"label\"><span>14<\/span><\/div>\r\n                                <div class=\"text\"><span>Kraj\u00edn<\/span><\/div>\r\n                            <\/div>        \r\n                        <\/div>\r\n                                    <\/div>\r\n            <\/div>\r\n        <div class=\"map-inner-container\"><div id=\"mapsvg-527\" data-map-id=\"527\" class=\"mapsvg\"><\/div><\/div>\r\n    <\/div>\r\n\r\n\r\n\r\n\n\n\n<p><\/p>\n","protected":false},"excerpt":{"rendered":"","protected":false},"author":4,"featured_media":0,"parent":0,"menu_order":0,"comment_status":"closed","ping_status":"closed","template":"","meta":{"footnotes":""},"class_list":["post-2","page","type-page","status-publish","hentry"],"yoast_head":"<!-- This site is optimized with the Yoast SEO plugin v22.4 - https:\/\/yoast.com\/wordpress\/plugins\/seo\/ -->\n<title>O n\u00e1s | KUKLA SCAFFOLDING<\/title>\n<meta name=\"robots\" content=\"index, follow, max-snippet:-1, max-image-preview:large, max-video-preview:-1\" \/>\n<link rel=\"canonical\" href=\"https:\/\/kuklascaffolding.com\/sk\/o-nas\/\" \/>\n<meta property=\"og:locale\" content=\"sk_SK\" \/>\n<meta property=\"og:type\" content=\"article\" \/>\n<meta property=\"og:title\" content=\"O n\u00e1s | KUKLA SCAFFOLDING\" \/>\n<meta property=\"og:url\" content=\"https:\/\/kuklascaffolding.com\/sk\/o-nas\/\" \/>\n<meta property=\"og:site_name\" content=\"KUKLA SCAFFOLDING\" \/>\n<meta property=\"article:publisher\" content=\"https:\/\/www.facebook.com\/KuklaScaffolding\" \/>\n<meta property=\"article:modified_time\" content=\"2025-10-09T13:53:36+00:00\" \/>\n<meta property=\"og:image\" content=\"https:\/\/kuklascaffolding.com\/wp-content\/uploads\/2023\/02\/WhatsApp-Image-2022-11-17-at-13.11.11-2.jpeg\" \/>\n\t<meta property=\"og:image:width\" content=\"1872\" \/>\n\t<meta property=\"og:image:height\" content=\"1500\" \/>\n\t<meta property=\"og:image:type\" content=\"image\/jpeg\" \/>\n<meta name=\"twitter:card\" content=\"summary_large_image\" \/>\n<meta name=\"twitter:label1\" content=\"Predpokladan\u00fd \u010das \u010d\u00edtania\" \/>\n\t<meta name=\"twitter:data1\" content=\"1 min\u00fata\" \/>\n<script type=\"application\/ld+json\" class=\"yoast-schema-graph\">{\"@context\":\"https:\/\/schema.org\",\"@graph\":[{\"@type\":\"WebPage\",\"@id\":\"https:\/\/kuklascaffolding.com\/sk\/o-nas\/\",\"url\":\"https:\/\/kuklascaffolding.com\/sk\/o-nas\/\",\"name\":\"O n\u00e1s | KUKLA SCAFFOLDING\",\"isPartOf\":{\"@id\":\"https:\/\/kuklascaffolding.com\/#website\"},\"datePublished\":\"2022-12-30T10:08:34+00:00\",\"dateModified\":\"2025-10-09T13:53:36+00:00\",\"breadcrumb\":{\"@id\":\"https:\/\/kuklascaffolding.com\/sk\/o-nas\/#breadcrumb\"},\"inLanguage\":\"sk-SK\",\"potentialAction\":[{\"@type\":\"ReadAction\",\"target\":[\"https:\/\/kuklascaffolding.com\/sk\/o-nas\/\"]}]},{\"@type\":\"BreadcrumbList\",\"@id\":\"https:\/\/kuklascaffolding.com\/sk\/o-nas\/#breadcrumb\",\"itemListElement\":[{\"@type\":\"ListItem\",\"position\":1,\"name\":\"Home\",\"item\":\"https:\/\/kuklascaffolding.com\/sk\/\"},{\"@type\":\"ListItem\",\"position\":2,\"name\":\"O n\u00e1s\"}]},{\"@type\":\"WebSite\",\"@id\":\"https:\/\/kuklascaffolding.com\/#website\",\"url\":\"https:\/\/kuklascaffolding.com\/\",\"name\":\"KUKLA SCAFFOLDING\",\"description\":\"Pr\u00e1ca v zahrani\u010d\u00ed | Le\u0161en\u00e1ri, klampiari a tes\u00e1ri | kuklascaffolding.com\",\"publisher\":{\"@id\":\"https:\/\/kuklascaffolding.com\/#organization\"},\"potentialAction\":[{\"@type\":\"SearchAction\",\"target\":{\"@type\":\"EntryPoint\",\"urlTemplate\":\"https:\/\/kuklascaffolding.com\/?s={search_term_string}\"},\"query-input\":\"required name=search_term_string\"}],\"inLanguage\":\"sk-SK\"},{\"@type\":\"Organization\",\"@id\":\"https:\/\/kuklascaffolding.com\/#organization\",\"name\":\"KUKLA SCAFFOLDING\",\"url\":\"https:\/\/kuklascaffolding.com\/\",\"logo\":{\"@type\":\"ImageObject\",\"inLanguage\":\"sk-SK\",\"@id\":\"https:\/\/kuklascaffolding.com\/#\/schema\/logo\/image\/\",\"url\":\"https:\/\/kuklascaffolding.com\/wp-content\/uploads\/2022\/12\/favicon.png\",\"contentUrl\":\"https:\/\/kuklascaffolding.com\/wp-content\/uploads\/2022\/12\/favicon.png\",\"width\":256,\"height\":256,\"caption\":\"KUKLA SCAFFOLDING\"},\"image\":{\"@id\":\"https:\/\/kuklascaffolding.com\/#\/schema\/logo\/image\/\"},\"sameAs\":[\"https:\/\/www.facebook.com\/KuklaScaffolding\"]}]}<\/script>\n<!-- \/ Yoast SEO plugin. -->","yoast_head_json":{"title":"O n\u00e1s | KUKLA SCAFFOLDING","robots":{"index":"index","follow":"follow","max-snippet":"max-snippet:-1","max-image-preview":"max-image-preview:large","max-video-preview":"max-video-preview:-1"},"canonical":"https:\/\/kuklascaffolding.com\/sk\/o-nas\/","og_locale":"sk_SK","og_type":"article","og_title":"O n\u00e1s | KUKLA SCAFFOLDING","og_url":"https:\/\/kuklascaffolding.com\/sk\/o-nas\/","og_site_name":"KUKLA SCAFFOLDING","article_publisher":"https:\/\/www.facebook.com\/KuklaScaffolding","article_modified_time":"2025-10-09T13:53:36+00:00","og_image":[{"width":1872,"height":1500,"url":"https:\/\/kuklascaffolding.com\/wp-content\/uploads\/2023\/02\/WhatsApp-Image-2022-11-17-at-13.11.11-2.jpeg","type":"image\/jpeg"}],"twitter_card":"summary_large_image","twitter_misc":{"Predpokladan\u00fd \u010das \u010d\u00edtania":"1 min\u00fata"},"schema":{"@context":"https:\/\/schema.org","@graph":[{"@type":"WebPage","@id":"https:\/\/kuklascaffolding.com\/sk\/o-nas\/","url":"https:\/\/kuklascaffolding.com\/sk\/o-nas\/","name":"O n\u00e1s | KUKLA SCAFFOLDING","isPartOf":{"@id":"https:\/\/kuklascaffolding.com\/#website"},"datePublished":"2022-12-30T10:08:34+00:00","dateModified":"2025-10-09T13:53:36+00:00","breadcrumb":{"@id":"https:\/\/kuklascaffolding.com\/sk\/o-nas\/#breadcrumb"},"inLanguage":"sk-SK","potentialAction":[{"@type":"ReadAction","target":["https:\/\/kuklascaffolding.com\/sk\/o-nas\/"]}]},{"@type":"BreadcrumbList","@id":"https:\/\/kuklascaffolding.com\/sk\/o-nas\/#breadcrumb","itemListElement":[{"@type":"ListItem","position":1,"name":"Home","item":"https:\/\/kuklascaffolding.com\/sk\/"},{"@type":"ListItem","position":2,"name":"O n\u00e1s"}]},{"@type":"WebSite","@id":"https:\/\/kuklascaffolding.com\/#website","url":"https:\/\/kuklascaffolding.com\/","name":"KUKLA SCAFFOLDING","description":"Pr\u00e1ca v zahrani\u010d\u00ed | Le\u0161en\u00e1ri, klampiari a tes\u00e1ri | kuklascaffolding.com","publisher":{"@id":"https:\/\/kuklascaffolding.com\/#organization"},"potentialAction":[{"@type":"SearchAction","target":{"@type":"EntryPoint","urlTemplate":"https:\/\/kuklascaffolding.com\/?s={search_term_string}"},"query-input":"required name=search_term_string"}],"inLanguage":"sk-SK"},{"@type":"Organization","@id":"https:\/\/kuklascaffolding.com\/#organization","name":"KUKLA SCAFFOLDING","url":"https:\/\/kuklascaffolding.com\/","logo":{"@type":"ImageObject","inLanguage":"sk-SK","@id":"https:\/\/kuklascaffolding.com\/#\/schema\/logo\/image\/","url":"https:\/\/kuklascaffolding.com\/wp-content\/uploads\/2022\/12\/favicon.png","contentUrl":"https:\/\/kuklascaffolding.com\/wp-content\/uploads\/2022\/12\/favicon.png","width":256,"height":256,"caption":"KUKLA SCAFFOLDING"},"image":{"@id":"https:\/\/kuklascaffolding.com\/#\/schema\/logo\/image\/"},"sameAs":["https:\/\/www.facebook.com\/KuklaScaffolding"]}]}},"_links":{"self":[{"href":"https:\/\/kuklascaffolding.com\/sk\/wp-json\/wp\/v2\/pages\/2","targetHints":{"allow":["GET"]}}],"collection":[{"href":"https:\/\/kuklascaffolding.com\/sk\/wp-json\/wp\/v2\/pages"}],"about":[{"href":"https:\/\/kuklascaffolding.com\/sk\/wp-json\/wp\/v2\/types\/page"}],"author":[{"embeddable":true,"href":"https:\/\/kuklascaffolding.com\/sk\/wp-json\/wp\/v2\/users\/4"}],"replies":[{"embeddable":true,"href":"https:\/\/kuklascaffolding.com\/sk\/wp-json\/wp\/v2\/comments?post=2"}],"version-history":[{"count":118,"href":"https:\/\/kuklascaffolding.com\/sk\/wp-json\/wp\/v2\/pages\/2\/revisions"}],"predecessor-version":[{"id":3627,"href":"https:\/\/kuklascaffolding.com\/sk\/wp-json\/wp\/v2\/pages\/2\/revisions\/3627"}],"wp:attachment":[{"href":"https:\/\/kuklascaffolding.com\/sk\/wp-json\/wp\/v2\/media?parent=2"}],"curies":[{"name":"wp","href":"https:\/\/api.w.org\/{rel}","templated":true}]}}