{"id":12,"date":"2022-12-30T12:46:02","date_gmt":"2022-12-30T11:46:02","guid":{"rendered":"https:\/\/kuklascaffolding.com\/?page_id=12"},"modified":"2023-01-30T17:22:29","modified_gmt":"2023-01-30T16:22:29","slug":"projekty","status":"publish","type":"page","link":"https:\/\/kuklascaffolding.com\/sk\/projekty\/","title":{"rendered":"Projekty"},"content":{"rendered":"","protected":false},"excerpt":{"rendered":"","protected":false},"author":4,"featured_media":0,"parent":0,"menu_order":0,"comment_status":"closed","ping_status":"closed","template":"template-projects.php","meta":{"footnotes":""},"class_list":["post-12","page","type-page","status-publish","hentry"],"yoast_head":"<!-- This site is optimized with the Yoast SEO plugin v22.4 - https:\/\/yoast.com\/wordpress\/plugins\/seo\/ -->\n<title>Projekty | KUKLA SCAFFOLDING<\/title>\n<meta name=\"robots\" content=\"index, follow, max-snippet:-1, max-image-preview:large, max-video-preview:-1\" \/>\n<link rel=\"canonical\" href=\"https:\/\/kuklascaffolding.com\/projekty\/\" \/>\n<meta property=\"og:locale\" content=\"sk_SK\" \/>\n<meta property=\"og:type\" content=\"article\" \/>\n<meta property=\"og:title\" content=\"Projekty | KUKLA SCAFFOLDING\" \/>\n<meta property=\"og:url\" content=\"https:\/\/kuklascaffolding.com\/projekty\/\" \/>\n<meta property=\"og:site_name\" content=\"KUKLA SCAFFOLDING\" \/>\n<meta property=\"article:publisher\" content=\"https:\/\/www.facebook.com\/KuklaScaffolding\" \/>\n<meta property=\"article:modified_time\" content=\"2023-01-30T16:22:29+00:00\" \/>\n<meta property=\"og:image\" content=\"https:\/\/kuklascaffolding.com\/wp-content\/uploads\/2023\/02\/WhatsApp-Image-2022-11-17-at-13.11.11-2.jpeg\" \/>\n\t<meta property=\"og:image:width\" content=\"1872\" \/>\n\t<meta property=\"og:image:height\" content=\"1500\" \/>\n\t<meta property=\"og:image:type\" content=\"image\/jpeg\" \/>\n<meta name=\"twitter:card\" content=\"summary_large_image\" \/>\n<script type=\"application\/ld+json\" class=\"yoast-schema-graph\">{\"@context\":\"https:\/\/schema.org\",\"@graph\":[{\"@type\":\"WebPage\",\"@id\":\"https:\/\/kuklascaffolding.com\/projekty\/\",\"url\":\"https:\/\/kuklascaffolding.com\/projekty\/\",\"name\":\"Projekty | KUKLA SCAFFOLDING\",\"isPartOf\":{\"@id\":\"https:\/\/kuklascaffolding.com\/#website\"},\"datePublished\":\"2022-12-30T11:46:02+00:00\",\"dateModified\":\"2023-01-30T16:22:29+00:00\",\"breadcrumb\":{\"@id\":\"https:\/\/kuklascaffolding.com\/projekty\/#breadcrumb\"},\"inLanguage\":\"sk-SK\",\"potentialAction\":[{\"@type\":\"ReadAction\",\"target\":[\"https:\/\/kuklascaffolding.com\/projekty\/\"]}]},{\"@type\":\"BreadcrumbList\",\"@id\":\"https:\/\/kuklascaffolding.com\/projekty\/#breadcrumb\",\"itemListElement\":[{\"@type\":\"ListItem\",\"position\":1,\"name\":\"Home\",\"item\":\"https:\/\/kuklascaffolding.com\/sk\/\"},{\"@type\":\"ListItem\",\"position\":2,\"name\":\"Projekty\"}]},{\"@type\":\"WebSite\",\"@id\":\"https:\/\/kuklascaffolding.com\/#website\",\"url\":\"https:\/\/kuklascaffolding.com\/\",\"name\":\"KUKLA SCAFFOLDING\",\"description\":\"Pr\u00e1ca v zahrani\u010d\u00ed | Le\u0161en\u00e1ri, klampiari a tes\u00e1ri | kuklascaffolding.com\",\"publisher\":{\"@id\":\"https:\/\/kuklascaffolding.com\/#organization\"},\"potentialAction\":[{\"@type\":\"SearchAction\",\"target\":{\"@type\":\"EntryPoint\",\"urlTemplate\":\"https:\/\/kuklascaffolding.com\/?s={search_term_string}\"},\"query-input\":\"required name=search_term_string\"}],\"inLanguage\":\"sk-SK\"},{\"@type\":\"Organization\",\"@id\":\"https:\/\/kuklascaffolding.com\/#organization\",\"name\":\"KUKLA SCAFFOLDING\",\"url\":\"https:\/\/kuklascaffolding.com\/\",\"logo\":{\"@type\":\"ImageObject\",\"inLanguage\":\"sk-SK\",\"@id\":\"https:\/\/kuklascaffolding.com\/#\/schema\/logo\/image\/\",\"url\":\"https:\/\/kuklascaffolding.com\/wp-content\/uploads\/2022\/12\/favicon.png\",\"contentUrl\":\"https:\/\/kuklascaffolding.com\/wp-content\/uploads\/2022\/12\/favicon.png\",\"width\":256,\"height\":256,\"caption\":\"KUKLA SCAFFOLDING\"},\"image\":{\"@id\":\"https:\/\/kuklascaffolding.com\/#\/schema\/logo\/image\/\"},\"sameAs\":[\"https:\/\/www.facebook.com\/KuklaScaffolding\"]}]}<\/script>\n<!-- \/ Yoast SEO plugin. -->","yoast_head_json":{"title":"Projekty | KUKLA SCAFFOLDING","robots":{"index":"index","follow":"follow","max-snippet":"max-snippet:-1","max-image-preview":"max-image-preview:large","max-video-preview":"max-video-preview:-1"},"canonical":"https:\/\/kuklascaffolding.com\/projekty\/","og_locale":"sk_SK","og_type":"article","og_title":"Projekty | KUKLA SCAFFOLDING","og_url":"https:\/\/kuklascaffolding.com\/projekty\/","og_site_name":"KUKLA SCAFFOLDING","article_publisher":"https:\/\/www.facebook.com\/KuklaScaffolding","article_modified_time":"2023-01-30T16:22:29+00:00","og_image":[{"width":1872,"height":1500,"url":"https:\/\/kuklascaffolding.com\/wp-content\/uploads\/2023\/02\/WhatsApp-Image-2022-11-17-at-13.11.11-2.jpeg","type":"image\/jpeg"}],"twitter_card":"summary_large_image","schema":{"@context":"https:\/\/schema.org","@graph":[{"@type":"WebPage","@id":"https:\/\/kuklascaffolding.com\/projekty\/","url":"https:\/\/kuklascaffolding.com\/projekty\/","name":"Projekty | KUKLA SCAFFOLDING","isPartOf":{"@id":"https:\/\/kuklascaffolding.com\/#website"},"datePublished":"2022-12-30T11:46:02+00:00","dateModified":"2023-01-30T16:22:29+00:00","breadcrumb":{"@id":"https:\/\/kuklascaffolding.com\/projekty\/#breadcrumb"},"inLanguage":"sk-SK","potentialAction":[{"@type":"ReadAction","target":["https:\/\/kuklascaffolding.com\/projekty\/"]}]},{"@type":"BreadcrumbList","@id":"https:\/\/kuklascaffolding.com\/projekty\/#breadcrumb","itemListElement":[{"@type":"ListItem","position":1,"name":"Home","item":"https:\/\/kuklascaffolding.com\/sk\/"},{"@type":"ListItem","position":2,"name":"Projekty"}]},{"@type":"WebSite","@id":"https:\/\/kuklascaffolding.com\/#website","url":"https:\/\/kuklascaffolding.com\/","name":"KUKLA SCAFFOLDING","description":"Pr\u00e1ca v zahrani\u010d\u00ed | Le\u0161en\u00e1ri, klampiari a tes\u00e1ri | kuklascaffolding.com","publisher":{"@id":"https:\/\/kuklascaffolding.com\/#organization"},"potentialAction":[{"@type":"SearchAction","target":{"@type":"EntryPoint","urlTemplate":"https:\/\/kuklascaffolding.com\/?s={search_term_string}"},"query-input":"required name=search_term_string"}],"inLanguage":"sk-SK"},{"@type":"Organization","@id":"https:\/\/kuklascaffolding.com\/#organization","name":"KUKLA SCAFFOLDING","url":"https:\/\/kuklascaffolding.com\/","logo":{"@type":"ImageObject","inLanguage":"sk-SK","@id":"https:\/\/kuklascaffolding.com\/#\/schema\/logo\/image\/","url":"https:\/\/kuklascaffolding.com\/wp-content\/uploads\/2022\/12\/favicon.png","contentUrl":"https:\/\/kuklascaffolding.com\/wp-content\/uploads\/2022\/12\/favicon.png","width":256,"height":256,"caption":"KUKLA SCAFFOLDING"},"image":{"@id":"https:\/\/kuklascaffolding.com\/#\/schema\/logo\/image\/"},"sameAs":["https:\/\/www.facebook.com\/KuklaScaffolding"]}]}},"_links":{"self":[{"href":"https:\/\/kuklascaffolding.com\/sk\/wp-json\/wp\/v2\/pages\/12","targetHints":{"allow":["GET"]}}],"collection":[{"href":"https:\/\/kuklascaffolding.com\/sk\/wp-json\/wp\/v2\/pages"}],"about":[{"href":"https:\/\/kuklascaffolding.com\/sk\/wp-json\/wp\/v2\/types\/page"}],"author":[{"embeddable":true,"href":"https:\/\/kuklascaffolding.com\/sk\/wp-json\/wp\/v2\/users\/4"}],"replies":[{"embeddable":true,"href":"https:\/\/kuklascaffolding.com\/sk\/wp-json\/wp\/v2\/comments?post=12"}],"version-history":[{"count":1,"href":"https:\/\/kuklascaffolding.com\/sk\/wp-json\/wp\/v2\/pages\/12\/revisions"}],"predecessor-version":[{"id":13,"href":"https:\/\/kuklascaffolding.com\/sk\/wp-json\/wp\/v2\/pages\/12\/revisions\/13"}],"wp:attachment":[{"href":"https:\/\/kuklascaffolding.com\/sk\/wp-json\/wp\/v2\/media?parent=12"}],"curies":[{"name":"wp","href":"https:\/\/api.w.org\/{rel}","templated":true}]}}